{"id":3,"date":"2023-03-03T03:32:47","date_gmt":"2023-03-03T03:32:47","guid":{"rendered":"https:\/\/gyaru.online\/?page_id=3"},"modified":"2026-03-15T03:59:52","modified_gmt":"2026-03-15T03:59:52","slug":"privacy-policy","status":"publish","type":"page","link":"https:\/\/gyaru.online\/es\/privacy-policy\/","title":{"rendered":"Pol\u00edtica de privacidad"},"content":{"rendered":"<section class=\"privacy-container\" style=\"padding: 80px 20px; background-color: #fff; color: #333; font-family: 'Helvetica Neue', Helvetica, Arial, sans-serif; line-height: 1.8; max-width: 900px; margin: 0 auto;\">\n    \n    <header style=\"text-align: center; margin-bottom: 50px; border-bottom: 1px solid #f0f0f0; padding-bottom: 40px;\">\n        <h1 style=\"font-size: 2.5rem; color: #111; font-weight: 800; text-transform: uppercase; letter-spacing: -1px; margin-bottom: 10px;\">Pol\u00edtica de privacidad<\/h1>\n        <p style=\"color: #ff69b4; font-weight: 700; letter-spacing: 1px; font-size: 0.9rem;\">Fecha de entrada en vigor: 5 de marzo de 2026<\/p>\n    <\/header>\n\n    <div class=\"policy-body\" style=\"font-size: 1rem; color: #444;\">\n        \n        <h2 style=\"font-size: 1.25rem; color: #111; border-left: 4px solid #ff69b4; padding-left: 15px; margin: 40px 0 20px;\">1. Introducci\u00f3n<\/h2>\n        <p>Bienvenido a <strong>Gyaru.Online<\/strong>. Respetamos su privacidad y nos comprometemos a proteger sus datos personales. Esta pol\u00edtica de privacidad le informa de c\u00f3mo cuidamos sus datos personales cuando visita nuestro sitio web, incluidos los datos proporcionados a trav\u00e9s de nuestro <strong>Vibe Check<\/strong> examen.<\/p>\n\n        <h2 style=\"font-size: 1.25rem; color: #111; border-left: 4px solid #ff69b4; padding-left: 15px; margin: 40px 0 20px;\">2. Google AdSense &amp; Cookies (Requisito)<\/h2>\n        <p><strong>Gyaru.Online<\/strong> utiliza proveedores externos, incluido Google, que utilizan cookies para publicar anuncios basados en las visitas anteriores de un usuario a nuestro sitio web o a otros sitios web.<\/p>\n        <ul style=\"margin-bottom: 20px;\">\n            <li>El uso de cookies publicitarias por parte de Google le permite a \u00e9l y a sus socios ofrecer anuncios a nuestros usuarios basados en su visita a <strong>Gyaru.Online<\/strong> y\/u otros sitios de Internet.<\/li>\n            <li>Los usuarios pueden excluirse de la publicidad personalizada visitando <a href=\"https:\/\/www.google.com\/settings\/ads\" target=\"_blank\" style=\"color: #ff69b4;\">Configuraci\u00f3n de anuncios<\/a>.<\/li>\n        <\/ul>\n\n        <h2 style=\"font-size: 1.25rem; color: #111; border-left: 4px solid #ff69b4; padding-left: 15px; margin: 40px 0 20px;\">3. Recogida de datos: La experiencia Gal<\/h2>\n        <p>Recogemos y tratamos los siguientes datos:<\/p>\n        <ul>\n            <li><strong>Datos de identidad:<\/strong> Nombres o alias facilitados durante la interacci\u00f3n comunitaria.<\/li>\n            <li><strong>Datos t\u00e9cnicos:<\/strong> Direcciones IP, tipo de navegador y versi\u00f3n para la optimizaci\u00f3n del sitio.<\/li>\n            <li><strong>Datos de preferencia:<\/strong> Resultados de la <strong>Vibe Check<\/strong> para organizar su viaje a trav\u00e9s de nuestro <strong>Archivos culturales<\/strong>.<\/li>\n        <\/ul>\n\n        <h2 style=\"font-size: 1.25rem; color: #111; border-left: 4px solid #ff69b4; padding-left: 15px; margin: 40px 0 20px;\">4. Archivos de registro<\/h2>\n        <p>Como muchos otros sitios web, <strong>Gyaru.Online<\/strong> utiliza archivos de registro. Estos archivos se limitan a registrar las visitas al sitio, lo que suele ser un procedimiento est\u00e1ndar para las empresas de alojamiento y forma parte de los an\u00e1lisis de los servicios de alojamiento. La informaci\u00f3n contenida en los archivos de registro incluye direcciones de protocolo de Internet (IP), tipo de navegador, proveedor de servicios de Internet (ISP), sello de fecha\/hora, p\u00e1ginas de referencia\/salida y, posiblemente, el n\u00famero de clics.<\/p>\n\n        <h2 style=\"font-size: 1.25rem; color: #111; border-left: 4px solid #ff69b4; padding-left: 15px; margin: 40px 0 20px;\">5. Pol\u00edticas de privacidad de terceros<\/h2>\n        <p><strong>Gyaru.Online<\/strong> no se aplica a otros anunciantes o sitios web. Por lo tanto, le aconsejamos que consulte las respectivas pol\u00edticas de privacidad de estos servidores de anuncios de terceros para obtener informaci\u00f3n m\u00e1s detallada.<\/p>\n\n        <h2 style=\"font-size: 1.25rem; color: #111; border-left: 4px solid #ff69b4; padding-left: 15px; margin: 40px 0 20px;\">6. Informaci\u00f3n para ni\u00f1os<\/h2>\n        <p>Otra parte de nuestra prioridad es a\u00f1adir protecci\u00f3n para los ni\u00f1os mientras usan internet. Animamos a padres y tutores a que observen, participen y\/o supervisen y gu\u00eden su actividad en l\u00ednea. <strong>Gyaru.Online<\/strong> no recopila conscientemente ninguna Informaci\u00f3n de Identificaci\u00f3n Personal de ni\u00f1os menores de 13 a\u00f1os.<\/p>\n\n        <h2 style=\"font-size: 1.25rem; color: #111; border-left: 4px solid #ff69b4; padding-left: 15px; margin: 40px 0 20px;\">7. 7. Informaci\u00f3n de contacto<\/h2>\n        <p>Si tiene alguna pregunta sobre esta pol\u00edtica de privacidad o sobre sus datos, p\u00f3ngase en contacto con nuestro equipo de asistencia en la direcci\u00f3n<\/p>\n        <div style=\"background: #fffafc; padding: 25px; border: 1px solid #f0f0f0; margin-top: 20px; text-align: center;\">\n            <p style=\"margin: 0; font-weight: 700; color: #111;\">Correo electr\u00f3nico oficial de asistencia:<\/p>\n            <a href=\"mailto:support@gyaru.online\" style=\"color: #ff69b4; text-decoration: none; font-size: 1.2rem; font-weight: 800;\">support@gyaru.online<\/a>\n        <\/div>\n    <\/div>\n<\/section>\n\n<style>\n    .policy-body ul { padding-left: 20px; margin-bottom: 25px; }\n    .policy-body li { margin-bottom: 10px; }\n    @media (max-width: 600px) {\n        .privacy-container { padding: 40px 15px !important; }\n        h1 { font-size: 1.8rem !important; }\n    }\n<\/style>","protected":false},"excerpt":{"rendered":"<p>Privacy Policy Effective Date: March 5, 2026 1. Introduction Welcome to Gyaru.Online. We respect your privacy and are committed to [&hellip;]<\/p>\n","protected":false},"author":3,"featured_media":0,"parent":0,"menu_order":0,"comment_status":"closed","ping_status":"open","template":"","meta":{"_uag_custom_page_level_css":"","site-sidebar-layout":"default","site-content-layout":"","ast-site-content-layout":"default","site-content-style":"default","site-sidebar-style":"default","ast-global-header-display":"","ast-banner-title-visibility":"","ast-main-header-display":"","ast-hfb-above-header-display":"","ast-hfb-below-header-display":"","ast-hfb-mobile-header-display":"","site-post-title":"disabled","ast-breadcrumbs-content":"","ast-featured-img":"","footer-sml-layout":"","ast-disable-related-posts":"","theme-transparent-header-meta":"","adv-header-id-meta":"","stick-header-meta":"","header-above-stick-meta":"","header-main-stick-meta":"","header-below-stick-meta":"","astra-migrate-meta-layouts":"set","ast-page-background-enabled":"default","ast-page-background-meta":{"desktop":{"background-color":"","background-image":"","background-repeat":"repeat","background-position":"center center","background-size":"auto","background-attachment":"scroll","background-type":"","background-media":"","overlay-type":"","overlay-color":"","overlay-opacity":"","overlay-gradient":""},"tablet":{"background-color":"","background-image":"","background-repeat":"repeat","background-position":"center center","background-size":"auto","background-attachment":"scroll","background-type":"","background-media":"","overlay-type":"","overlay-color":"","overlay-opacity":"","overlay-gradient":""},"mobile":{"background-color":"","background-image":"","background-repeat":"repeat","background-position":"center center","background-size":"auto","background-attachment":"scroll","background-type":"","background-media":"","overlay-type":"","overlay-color":"","overlay-opacity":"","overlay-gradient":""}},"ast-content-background-meta":{"desktop":{"background-color":"var(--ast-global-color-5)","background-image":"","background-repeat":"repeat","background-position":"center center","background-size":"auto","background-attachment":"scroll","background-type":"","background-media":"","overlay-type":"","overlay-color":"","overlay-opacity":"","overlay-gradient":""},"tablet":{"background-color":"var(--ast-global-color-5)","background-image":"","background-repeat":"repeat","background-position":"center center","background-size":"auto","background-attachment":"scroll","background-type":"","background-media":"","overlay-type":"","overlay-color":"","overlay-opacity":"","overlay-gradient":""},"mobile":{"background-color":"var(--ast-global-color-5)","background-image":"","background-repeat":"repeat","background-position":"center center","background-size":"auto","background-attachment":"scroll","background-type":"","background-media":"","overlay-type":"","overlay-color":"","overlay-opacity":"","overlay-gradient":""}},"footnotes":""},"class_list":["post-3","page","type-page","status-publish","hentry"],"yoast_head":"<!-- This site is optimized with the Yoast SEO plugin v27.1.1 - https:\/\/yoast.com\/product\/yoast-seo-wordpress\/ -->\n<title>Privacy Policy | Gyaru.Online - Transparency &amp; Data Protection<\/title>\n<meta name=\"description\" content=\"Read the official Privacy Policy for Gyaru.Online. We detail our commitment to data transparency, AdSense compliance, and protecting your digital identity as you explore our subcultural archives.\" \/>\n<meta name=\"robots\" content=\"index, follow, max-snippet:-1, max-image-preview:large, max-video-preview:-1\" \/>\n<link rel=\"canonical\" href=\"https:\/\/gyaru.online\/es\/privacy-policy\/\" \/>\n<meta property=\"og:locale\" content=\"es_ES\" \/>\n<meta property=\"og:type\" content=\"article\" \/>\n<meta property=\"og:title\" content=\"Privacy Policy | Gyaru.Online - Transparency &amp; Data Protection\" \/>\n<meta property=\"og:description\" content=\"Read the official Privacy Policy for Gyaru.Online. We detail our commitment to data transparency, AdSense compliance, and protecting your digital identity as you explore our subcultural archives.\" \/>\n<meta property=\"og:url\" content=\"https:\/\/gyaru.online\/es\/privacy-policy\/\" \/>\n<meta property=\"og:site_name\" content=\"Gyaru Online\" \/>\n<meta property=\"article:modified_time\" content=\"2026-03-15T03:59:52+00:00\" \/>\n<meta name=\"twitter:card\" content=\"summary_large_image\" \/>\n<meta name=\"twitter:label1\" content=\"Tiempo de lectura\" \/>\n\t<meta name=\"twitter:data1\" content=\"2 minutos\" \/>\n<script type=\"application\/ld+json\" class=\"yoast-schema-graph\">{\"@context\":\"https:\/\/schema.org\",\"@graph\":[{\"@type\":\"WebPage\",\"@id\":\"https:\/\/gyaru.online\/privacy-policy\/\",\"url\":\"https:\/\/gyaru.online\/privacy-policy\/\",\"name\":\"Privacy Policy | Gyaru.Online - Transparency & Data Protection\",\"isPartOf\":{\"@id\":\"https:\/\/gyaru.online\/#website\"},\"datePublished\":\"2023-03-03T03:32:47+00:00\",\"dateModified\":\"2026-03-15T03:59:52+00:00\",\"description\":\"Read the official Privacy Policy for Gyaru.Online. We detail our commitment to data transparency, AdSense compliance, and protecting your digital identity as you explore our subcultural archives.\",\"breadcrumb\":{\"@id\":\"https:\/\/gyaru.online\/privacy-policy\/#breadcrumb\"},\"inLanguage\":\"es\",\"potentialAction\":[{\"@type\":\"ReadAction\",\"target\":[\"https:\/\/gyaru.online\/privacy-policy\/\"]}]},{\"@type\":\"BreadcrumbList\",\"@id\":\"https:\/\/gyaru.online\/privacy-policy\/#breadcrumb\",\"itemListElement\":[{\"@type\":\"ListItem\",\"position\":1,\"name\":\"Home\",\"item\":\"https:\/\/gyaru.online\/\"},{\"@type\":\"ListItem\",\"position\":2,\"name\":\"Privacy Policy\"}]},{\"@type\":\"WebSite\",\"@id\":\"https:\/\/gyaru.online\/#website\",\"url\":\"https:\/\/gyaru.online\/\",\"name\":\"Gyaru Online\",\"description\":\"Gyaru Culture World.\",\"publisher\":{\"@id\":\"https:\/\/gyaru.online\/#organization\"},\"potentialAction\":[{\"@type\":\"SearchAction\",\"target\":{\"@type\":\"EntryPoint\",\"urlTemplate\":\"https:\/\/gyaru.online\/?s={search_term_string}\"},\"query-input\":{\"@type\":\"PropertyValueSpecification\",\"valueRequired\":true,\"valueName\":\"search_term_string\"}}],\"inLanguage\":\"es\"},{\"@type\":\"Organization\",\"@id\":\"https:\/\/gyaru.online\/#organization\",\"name\":\"Gyaru Online\",\"url\":\"https:\/\/gyaru.online\/\",\"logo\":{\"@type\":\"ImageObject\",\"inLanguage\":\"es\",\"@id\":\"https:\/\/gyaru.online\/#\/schema\/logo\/image\/\",\"url\":\"https:\/\/gyaru.online\/wp-content\/uploads\/2026\/03\/ChatGPT-Image-Mar-2-2026-08_32_45-PM-1.png\",\"contentUrl\":\"https:\/\/gyaru.online\/wp-content\/uploads\/2026\/03\/ChatGPT-Image-Mar-2-2026-08_32_45-PM-1.png\",\"width\":1024,\"height\":1024,\"caption\":\"Gyaru Online\"},\"image\":{\"@id\":\"https:\/\/gyaru.online\/#\/schema\/logo\/image\/\"}}]}<\/script>\n<!-- \/ Yoast SEO plugin. -->","yoast_head_json":{"title":"Pol\u00edtica de privacidad | Gyaru.Online - Transparencia y protecci\u00f3n de datos","description":"Lea la Pol\u00edtica de privacidad oficial de Gyaru.Online. Detallamos nuestro compromiso con la transparencia de datos, el cumplimiento de AdSense y la protecci\u00f3n de su identidad digital mientras explora nuestros archivos subculturales.","robots":{"index":"index","follow":"follow","max-snippet":"max-snippet:-1","max-image-preview":"max-image-preview:large","max-video-preview":"max-video-preview:-1"},"canonical":"https:\/\/gyaru.online\/es\/privacy-policy\/","og_locale":"es_ES","og_type":"article","og_title":"Privacy Policy | Gyaru.Online - Transparency & Data Protection","og_description":"Read the official Privacy Policy for Gyaru.Online. We detail our commitment to data transparency, AdSense compliance, and protecting your digital identity as you explore our subcultural archives.","og_url":"https:\/\/gyaru.online\/es\/privacy-policy\/","og_site_name":"Gyaru Online","article_modified_time":"2026-03-15T03:59:52+00:00","twitter_card":"summary_large_image","twitter_misc":{"Tiempo de lectura":"2 minutos"},"schema":{"@context":"https:\/\/schema.org","@graph":[{"@type":"WebPage","@id":"https:\/\/gyaru.online\/privacy-policy\/","url":"https:\/\/gyaru.online\/privacy-policy\/","name":"Pol\u00edtica de privacidad | Gyaru.Online - Transparencia y protecci\u00f3n de datos","isPartOf":{"@id":"https:\/\/gyaru.online\/#website"},"datePublished":"2023-03-03T03:32:47+00:00","dateModified":"2026-03-15T03:59:52+00:00","description":"Lea la Pol\u00edtica de privacidad oficial de Gyaru.Online. Detallamos nuestro compromiso con la transparencia de datos, el cumplimiento de AdSense y la protecci\u00f3n de su identidad digital mientras explora nuestros archivos subculturales.","breadcrumb":{"@id":"https:\/\/gyaru.online\/privacy-policy\/#breadcrumb"},"inLanguage":"es","potentialAction":[{"@type":"ReadAction","target":["https:\/\/gyaru.online\/privacy-policy\/"]}]},{"@type":"BreadcrumbList","@id":"https:\/\/gyaru.online\/privacy-policy\/#breadcrumb","itemListElement":[{"@type":"ListItem","position":1,"name":"Home","item":"https:\/\/gyaru.online\/"},{"@type":"ListItem","position":2,"name":"Privacy Policy"}]},{"@type":"WebSite","@id":"https:\/\/gyaru.online\/#website","url":"https:\/\/gyaru.online\/","name":"Gyaru en l\u00ednea","description":"Mundo cultural Gyaru.","publisher":{"@id":"https:\/\/gyaru.online\/#organization"},"potentialAction":[{"@type":"SearchAction","target":{"@type":"EntryPoint","urlTemplate":"https:\/\/gyaru.online\/?s={search_term_string}"},"query-input":{"@type":"PropertyValueSpecification","valueRequired":true,"valueName":"search_term_string"}}],"inLanguage":"es"},{"@type":"Organization","@id":"https:\/\/gyaru.online\/#organization","name":"Gyaru en l\u00ednea","url":"https:\/\/gyaru.online\/","logo":{"@type":"ImageObject","inLanguage":"es","@id":"https:\/\/gyaru.online\/#\/schema\/logo\/image\/","url":"https:\/\/gyaru.online\/wp-content\/uploads\/2026\/03\/ChatGPT-Image-Mar-2-2026-08_32_45-PM-1.png","contentUrl":"https:\/\/gyaru.online\/wp-content\/uploads\/2026\/03\/ChatGPT-Image-Mar-2-2026-08_32_45-PM-1.png","width":1024,"height":1024,"caption":"Gyaru Online"},"image":{"@id":"https:\/\/gyaru.online\/#\/schema\/logo\/image\/"}}]}},"uagb_featured_image_src":{"full":false,"thumbnail":false,"medium":false,"medium_large":false,"large":false,"1536x1536":false,"2048x2048":false,"trp-custom-language-flag":false},"uagb_author_info":{"display_name":"Gyaru Online","author_link":"https:\/\/gyaru.online\/es\/blog\/author\/dayairis\/"},"uagb_comment_info":0,"uagb_excerpt":"Privacy Policy Effective Date: March 5, 2026 1. Introduction Welcome to Gyaru.Online. We respect your privacy and are committed to [&hellip;]","_links":{"self":[{"href":"https:\/\/gyaru.online\/es\/wp-json\/wp\/v2\/pages\/3","targetHints":{"allow":["GET"]}}],"collection":[{"href":"https:\/\/gyaru.online\/es\/wp-json\/wp\/v2\/pages"}],"about":[{"href":"https:\/\/gyaru.online\/es\/wp-json\/wp\/v2\/types\/page"}],"author":[{"embeddable":true,"href":"https:\/\/gyaru.online\/es\/wp-json\/wp\/v2\/users\/3"}],"replies":[{"embeddable":true,"href":"https:\/\/gyaru.online\/es\/wp-json\/wp\/v2\/comments?post=3"}],"version-history":[{"count":1,"href":"https:\/\/gyaru.online\/es\/wp-json\/wp\/v2\/pages\/3\/revisions"}],"predecessor-version":[{"id":6446,"href":"https:\/\/gyaru.online\/es\/wp-json\/wp\/v2\/pages\/3\/revisions\/6446"}],"wp:attachment":[{"href":"https:\/\/gyaru.online\/es\/wp-json\/wp\/v2\/media?parent=3"}],"curies":[{"name":"wp","href":"https:\/\/api.w.org\/{rel}","templated":true}]}}