{"id":3,"date":"2023-03-03T03:32:47","date_gmt":"2023-03-03T03:32:47","guid":{"rendered":"https:\/\/gyaru.online\/?page_id=3"},"modified":"2026-03-15T03:59:52","modified_gmt":"2026-03-15T03:59:52","slug":"privacy-policy","status":"publish","type":"page","link":"https:\/\/gyaru.online\/fr\/privacy-policy\/","title":{"rendered":"Politique de confidentialit\u00e9"},"content":{"rendered":"<section class=\"privacy-container\" style=\"padding: 80px 20px; background-color: #fff; color: #333; font-family: 'Helvetica Neue', Helvetica, Arial, sans-serif; line-height: 1.8; max-width: 900px; margin: 0 auto;\">\n    \n    <header style=\"text-align: center; margin-bottom: 50px; border-bottom: 1px solid #f0f0f0; padding-bottom: 40px;\">\n        <h1 style=\"font-size: 2.5rem; color: #111; font-weight: 800; text-transform: uppercase; letter-spacing: -1px; margin-bottom: 10px;\">Politique de confidentialit\u00e9<\/h1>\n        <p style=\"color: #ff69b4; font-weight: 700; letter-spacing: 1px; font-size: 0.9rem;\">Date d'entr\u00e9e en vigueur : 5 mars 2026<\/p>\n    <\/header>\n\n    <div class=\"policy-body\" style=\"font-size: 1rem; color: #444;\">\n        \n        <h2 style=\"font-size: 1.25rem; color: #111; border-left: 4px solid #ff69b4; padding-left: 15px; margin: 40px 0 20px;\">1. Introduction<\/h2>\n        <p>Bienvenue \u00e0 <strong>Gyaru.Online<\/strong>. Nous respectons votre vie priv\u00e9e et nous nous engageons \u00e0 prot\u00e9ger vos donn\u00e9es personnelles. Cette politique de confidentialit\u00e9 vous informe de la mani\u00e8re dont nous traitons vos donn\u00e9es personnelles lorsque vous visitez notre site web, y compris les donn\u00e9es fournies par l'interm\u00e9diaire de notre site web. <strong>Vibe Check<\/strong> quiz.<\/p>\n\n        <h2 style=\"font-size: 1.25rem; color: #111; border-left: 4px solid #ff69b4; padding-left: 15px; margin: 40px 0 20px;\">2. Google AdSense et les cookies (exigence)<\/h2>\n        <p><strong>Gyaru.Online<\/strong> fait appel \u00e0 des fournisseurs tiers, dont Google, qui utilisent des cookies pour diffuser des annonces bas\u00e9es sur les visites ant\u00e9rieures d'un utilisateur sur notre site web ou d'autres sites web.<\/p>\n        <ul style=\"margin-bottom: 20px;\">\n            <li>L'utilisation par Google de cookies publicitaires lui permet, ainsi qu'\u00e0 ses partenaires, de diffuser des annonces \u00e0 nos utilisateurs en fonction de leur visite sur le site de <strong>Gyaru.Online<\/strong> et\/ou d'autres sites sur Internet.<\/li>\n            <li>Les utilisateurs peuvent refuser la publicit\u00e9 personnalis\u00e9e en se rendant sur le site suivant <a href=\"https:\/\/www.google.com\/settings\/ads\" target=\"_blank\" style=\"color: #ff69b4;\">Param\u00e8tres des publicit\u00e9s<\/a>.<\/li>\n        <\/ul>\n\n        <h2 style=\"font-size: 1.25rem; color: #111; border-left: 4px solid #ff69b4; padding-left: 15px; margin: 40px 0 20px;\">3. Collecte de donn\u00e9es : L'exp\u00e9rience Gal<\/h2>\n        <p>Nous collectons et traitons les donn\u00e9es suivantes :<\/p>\n        <ul>\n            <li><strong>Donn\u00e9es d'identit\u00e9 :<\/strong> Noms ou pseudonymes fournis lors de l'interaction avec la communaut\u00e9.<\/li>\n            <li><strong>Donn\u00e9es techniques :<\/strong> Adresses IP, type de navigateur et version pour l'optimisation du site.<\/li>\n            <li><strong>Donn\u00e9es sur les pr\u00e9f\u00e9rences :<\/strong> R\u00e9sultats de l'enqu\u00eate <strong>Vibe Check<\/strong> pour organiser votre voyage \u00e0 travers notre <strong>Archives culturelles<\/strong>.<\/li>\n        <\/ul>\n\n        <h2 style=\"font-size: 1.25rem; color: #111; border-left: 4px solid #ff69b4; padding-left: 15px; margin: 40px 0 20px;\">4. Fichiers journaux<\/h2>\n        <p>Comme beaucoup d'autres sites web, <strong>Gyaru.Online<\/strong> utilise des fichiers journaux. Ces fichiers ne font qu'enregistrer les visiteurs du site - il s'agit g\u00e9n\u00e9ralement d'une proc\u00e9dure standard pour les soci\u00e9t\u00e9s d'h\u00e9bergement et d'une partie de l'analyse des services d'h\u00e9bergement. Les informations contenues dans les fichiers journaux comprennent les adresses de protocole Internet (IP), le type de navigateur, le fournisseur d'acc\u00e8s Internet (FAI), l'horodatage, les pages de renvoi et de sortie, et \u00e9ventuellement le nombre de clics.<\/p>\n\n        <h2 style=\"font-size: 1.25rem; color: #111; border-left: 4px solid #ff69b4; padding-left: 15px; margin: 40px 0 20px;\">5. Politiques de confidentialit\u00e9 des tiers<\/h2>\n        <p><strong>Gyaru.Online's<\/strong> ne s'applique pas aux autres annonceurs ou sites web. Nous vous conseillons donc de consulter les politiques de confidentialit\u00e9 respectives de ces serveurs publicitaires tiers pour obtenir des informations plus d\u00e9taill\u00e9es.<\/p>\n\n        <h2 style=\"font-size: 1.25rem; color: #111; border-left: 4px solid #ff69b4; padding-left: 15px; margin: 40px 0 20px;\">6. Informations sur les enfants<\/h2>\n        <p>Une autre de nos priorit\u00e9s est de renforcer la protection des enfants lorsqu'ils utilisent l'internet. Nous encourageons les parents et les tuteurs \u00e0 observer leurs activit\u00e9s en ligne, \u00e0 y participer et\/ou \u00e0 les surveiller et \u00e0 les guider. <strong>Gyaru.Online<\/strong> ne recueille pas sciemment d'informations personnelles identifiables aupr\u00e8s d'enfants de moins de 13 ans.<\/p>\n\n        <h2 style=\"font-size: 1.25rem; color: #111; border-left: 4px solid #ff69b4; padding-left: 15px; margin: 40px 0 20px;\">7. Informations sur les contacts<\/h2>\n        <p>Pour toute question concernant la pr\u00e9sente politique de confidentialit\u00e9 ou vos donn\u00e9es, veuillez contacter notre \u00e9quipe d'assistance \u00e0 l'adresse suivante :<\/p>\n        <div style=\"background: #fffafc; padding: 25px; border: 1px solid #f0f0f0; margin-top: 20px; text-align: center;\">\n            <p style=\"margin: 0; font-weight: 700; color: #111;\">Courriel de l'assistance officielle :<\/p>\n            <a href=\"mailto:support@gyaru.online\" style=\"color: #ff69b4; text-decoration: none; font-size: 1.2rem; font-weight: 800;\">support@gyaru.online<\/a>\n        <\/div>\n    <\/div>\n<\/section>\n\n<style>\n    .policy-body ul { padding-left: 20px; margin-bottom: 25px; }\n    .policy-body li { margin-bottom: 10px; }\n    @media (max-width: 600px) {\n        .privacy-container { padding: 40px 15px !important; }\n        h1 { font-size: 1.8rem !important; }\n    }\n<\/style>","protected":false},"excerpt":{"rendered":"<p>Privacy Policy Effective Date: March 5, 2026 1. Introduction Welcome to Gyaru.Online. We respect your privacy and are committed to [&hellip;]<\/p>\n","protected":false},"author":3,"featured_media":0,"parent":0,"menu_order":0,"comment_status":"closed","ping_status":"open","template":"","meta":{"_uag_custom_page_level_css":"","site-sidebar-layout":"default","site-content-layout":"","ast-site-content-layout":"default","site-content-style":"default","site-sidebar-style":"default","ast-global-header-display":"","ast-banner-title-visibility":"","ast-main-header-display":"","ast-hfb-above-header-display":"","ast-hfb-below-header-display":"","ast-hfb-mobile-header-display":"","site-post-title":"disabled","ast-breadcrumbs-content":"","ast-featured-img":"","footer-sml-layout":"","ast-disable-related-posts":"","theme-transparent-header-meta":"","adv-header-id-meta":"","stick-header-meta":"","header-above-stick-meta":"","header-main-stick-meta":"","header-below-stick-meta":"","astra-migrate-meta-layouts":"set","ast-page-background-enabled":"default","ast-page-background-meta":{"desktop":{"background-color":"","background-image":"","background-repeat":"repeat","background-position":"center center","background-size":"auto","background-attachment":"scroll","background-type":"","background-media":"","overlay-type":"","overlay-color":"","overlay-opacity":"","overlay-gradient":""},"tablet":{"background-color":"","background-image":"","background-repeat":"repeat","background-position":"center center","background-size":"auto","background-attachment":"scroll","background-type":"","background-media":"","overlay-type":"","overlay-color":"","overlay-opacity":"","overlay-gradient":""},"mobile":{"background-color":"","background-image":"","background-repeat":"repeat","background-position":"center center","background-size":"auto","background-attachment":"scroll","background-type":"","background-media":"","overlay-type":"","overlay-color":"","overlay-opacity":"","overlay-gradient":""}},"ast-content-background-meta":{"desktop":{"background-color":"var(--ast-global-color-5)","background-image":"","background-repeat":"repeat","background-position":"center center","background-size":"auto","background-attachment":"scroll","background-type":"","background-media":"","overlay-type":"","overlay-color":"","overlay-opacity":"","overlay-gradient":""},"tablet":{"background-color":"var(--ast-global-color-5)","background-image":"","background-repeat":"repeat","background-position":"center center","background-size":"auto","background-attachment":"scroll","background-type":"","background-media":"","overlay-type":"","overlay-color":"","overlay-opacity":"","overlay-gradient":""},"mobile":{"background-color":"var(--ast-global-color-5)","background-image":"","background-repeat":"repeat","background-position":"center center","background-size":"auto","background-attachment":"scroll","background-type":"","background-media":"","overlay-type":"","overlay-color":"","overlay-opacity":"","overlay-gradient":""}},"footnotes":""},"class_list":["post-3","page","type-page","status-publish","hentry"],"yoast_head":"<!-- This site is optimized with the Yoast SEO plugin v27.1.1 - https:\/\/yoast.com\/product\/yoast-seo-wordpress\/ -->\n<title>Privacy Policy | Gyaru.Online - Transparency &amp; Data Protection<\/title>\n<meta name=\"description\" content=\"Read the official Privacy Policy for Gyaru.Online. We detail our commitment to data transparency, AdSense compliance, and protecting your digital identity as you explore our subcultural archives.\" \/>\n<meta name=\"robots\" content=\"index, follow, max-snippet:-1, max-image-preview:large, max-video-preview:-1\" \/>\n<link rel=\"canonical\" href=\"https:\/\/gyaru.online\/fr\/privacy-policy\/\" \/>\n<meta property=\"og:locale\" content=\"fr_FR\" \/>\n<meta property=\"og:type\" content=\"article\" \/>\n<meta property=\"og:title\" content=\"Privacy Policy | Gyaru.Online - Transparency &amp; Data Protection\" \/>\n<meta property=\"og:description\" content=\"Read the official Privacy Policy for Gyaru.Online. We detail our commitment to data transparency, AdSense compliance, and protecting your digital identity as you explore our subcultural archives.\" \/>\n<meta property=\"og:url\" content=\"https:\/\/gyaru.online\/fr\/privacy-policy\/\" \/>\n<meta property=\"og:site_name\" content=\"Gyaru Online\" \/>\n<meta property=\"article:modified_time\" content=\"2026-03-15T03:59:52+00:00\" \/>\n<meta name=\"twitter:card\" content=\"summary_large_image\" \/>\n<meta name=\"twitter:label1\" content=\"Dur\u00e9e de lecture estim\u00e9e\" \/>\n\t<meta name=\"twitter:data1\" content=\"2 minutes\" \/>\n<script type=\"application\/ld+json\" class=\"yoast-schema-graph\">{\"@context\":\"https:\/\/schema.org\",\"@graph\":[{\"@type\":\"WebPage\",\"@id\":\"https:\/\/gyaru.online\/privacy-policy\/\",\"url\":\"https:\/\/gyaru.online\/privacy-policy\/\",\"name\":\"Privacy Policy | Gyaru.Online - Transparency & Data Protection\",\"isPartOf\":{\"@id\":\"https:\/\/gyaru.online\/#website\"},\"datePublished\":\"2023-03-03T03:32:47+00:00\",\"dateModified\":\"2026-03-15T03:59:52+00:00\",\"description\":\"Read the official Privacy Policy for Gyaru.Online. We detail our commitment to data transparency, AdSense compliance, and protecting your digital identity as you explore our subcultural archives.\",\"breadcrumb\":{\"@id\":\"https:\/\/gyaru.online\/privacy-policy\/#breadcrumb\"},\"inLanguage\":\"fr-FR\",\"potentialAction\":[{\"@type\":\"ReadAction\",\"target\":[\"https:\/\/gyaru.online\/privacy-policy\/\"]}]},{\"@type\":\"BreadcrumbList\",\"@id\":\"https:\/\/gyaru.online\/privacy-policy\/#breadcrumb\",\"itemListElement\":[{\"@type\":\"ListItem\",\"position\":1,\"name\":\"Home\",\"item\":\"https:\/\/gyaru.online\/\"},{\"@type\":\"ListItem\",\"position\":2,\"name\":\"Privacy Policy\"}]},{\"@type\":\"WebSite\",\"@id\":\"https:\/\/gyaru.online\/#website\",\"url\":\"https:\/\/gyaru.online\/\",\"name\":\"Gyaru Online\",\"description\":\"Gyaru Culture World.\",\"publisher\":{\"@id\":\"https:\/\/gyaru.online\/#organization\"},\"potentialAction\":[{\"@type\":\"SearchAction\",\"target\":{\"@type\":\"EntryPoint\",\"urlTemplate\":\"https:\/\/gyaru.online\/?s={search_term_string}\"},\"query-input\":{\"@type\":\"PropertyValueSpecification\",\"valueRequired\":true,\"valueName\":\"search_term_string\"}}],\"inLanguage\":\"fr-FR\"},{\"@type\":\"Organization\",\"@id\":\"https:\/\/gyaru.online\/#organization\",\"name\":\"Gyaru Online\",\"url\":\"https:\/\/gyaru.online\/\",\"logo\":{\"@type\":\"ImageObject\",\"inLanguage\":\"fr-FR\",\"@id\":\"https:\/\/gyaru.online\/#\/schema\/logo\/image\/\",\"url\":\"https:\/\/gyaru.online\/wp-content\/uploads\/2026\/03\/ChatGPT-Image-Mar-2-2026-08_32_45-PM-1.png\",\"contentUrl\":\"https:\/\/gyaru.online\/wp-content\/uploads\/2026\/03\/ChatGPT-Image-Mar-2-2026-08_32_45-PM-1.png\",\"width\":1024,\"height\":1024,\"caption\":\"Gyaru Online\"},\"image\":{\"@id\":\"https:\/\/gyaru.online\/#\/schema\/logo\/image\/\"}}]}<\/script>\n<!-- \/ Yoast SEO plugin. -->","yoast_head_json":{"title":"Politique de confidentialit\u00e9 | Gyaru.Online - Transparence et protection des donn\u00e9es","description":"Lisez la politique de confidentialit\u00e9 officielle de Gyaru.Online. Nous d\u00e9taillons notre engagement pour la transparence des donn\u00e9es, la conformit\u00e9 \u00e0 AdSense, et la protection de votre identit\u00e9 num\u00e9rique lorsque vous explorez nos archives sous-culturelles.","robots":{"index":"index","follow":"follow","max-snippet":"max-snippet:-1","max-image-preview":"max-image-preview:large","max-video-preview":"max-video-preview:-1"},"canonical":"https:\/\/gyaru.online\/fr\/privacy-policy\/","og_locale":"fr_FR","og_type":"article","og_title":"Privacy Policy | Gyaru.Online - Transparency & Data Protection","og_description":"Read the official Privacy Policy for Gyaru.Online. We detail our commitment to data transparency, AdSense compliance, and protecting your digital identity as you explore our subcultural archives.","og_url":"https:\/\/gyaru.online\/fr\/privacy-policy\/","og_site_name":"Gyaru Online","article_modified_time":"2026-03-15T03:59:52+00:00","twitter_card":"summary_large_image","twitter_misc":{"Dur\u00e9e de lecture estim\u00e9e":"2 minutes"},"schema":{"@context":"https:\/\/schema.org","@graph":[{"@type":"WebPage","@id":"https:\/\/gyaru.online\/privacy-policy\/","url":"https:\/\/gyaru.online\/privacy-policy\/","name":"Politique de confidentialit\u00e9 | Gyaru.Online - Transparence et protection des donn\u00e9es","isPartOf":{"@id":"https:\/\/gyaru.online\/#website"},"datePublished":"2023-03-03T03:32:47+00:00","dateModified":"2026-03-15T03:59:52+00:00","description":"Lisez la politique de confidentialit\u00e9 officielle de Gyaru.Online. Nous d\u00e9taillons notre engagement pour la transparence des donn\u00e9es, la conformit\u00e9 \u00e0 AdSense, et la protection de votre identit\u00e9 num\u00e9rique lorsque vous explorez nos archives sous-culturelles.","breadcrumb":{"@id":"https:\/\/gyaru.online\/privacy-policy\/#breadcrumb"},"inLanguage":"fr-FR","potentialAction":[{"@type":"ReadAction","target":["https:\/\/gyaru.online\/privacy-policy\/"]}]},{"@type":"BreadcrumbList","@id":"https:\/\/gyaru.online\/privacy-policy\/#breadcrumb","itemListElement":[{"@type":"ListItem","position":1,"name":"Home","item":"https:\/\/gyaru.online\/"},{"@type":"ListItem","position":2,"name":"Privacy Policy"}]},{"@type":"WebSite","@id":"https:\/\/gyaru.online\/#website","url":"https:\/\/gyaru.online\/","name":"Gyaru Online","description":"Le monde de la culture Gyaru.","publisher":{"@id":"https:\/\/gyaru.online\/#organization"},"potentialAction":[{"@type":"SearchAction","target":{"@type":"EntryPoint","urlTemplate":"https:\/\/gyaru.online\/?s={search_term_string}"},"query-input":{"@type":"PropertyValueSpecification","valueRequired":true,"valueName":"search_term_string"}}],"inLanguage":"fr-FR"},{"@type":"Organization","@id":"https:\/\/gyaru.online\/#organization","name":"Gyaru Online","url":"https:\/\/gyaru.online\/","logo":{"@type":"ImageObject","inLanguage":"fr-FR","@id":"https:\/\/gyaru.online\/#\/schema\/logo\/image\/","url":"https:\/\/gyaru.online\/wp-content\/uploads\/2026\/03\/ChatGPT-Image-Mar-2-2026-08_32_45-PM-1.png","contentUrl":"https:\/\/gyaru.online\/wp-content\/uploads\/2026\/03\/ChatGPT-Image-Mar-2-2026-08_32_45-PM-1.png","width":1024,"height":1024,"caption":"Gyaru Online"},"image":{"@id":"https:\/\/gyaru.online\/#\/schema\/logo\/image\/"}}]}},"uagb_featured_image_src":{"full":false,"thumbnail":false,"medium":false,"medium_large":false,"large":false,"1536x1536":false,"2048x2048":false,"trp-custom-language-flag":false},"uagb_author_info":{"display_name":"Gyaru Online","author_link":"https:\/\/gyaru.online\/fr\/blog\/author\/dayairis\/"},"uagb_comment_info":0,"uagb_excerpt":"Privacy Policy Effective Date: March 5, 2026 1. Introduction Welcome to Gyaru.Online. We respect your privacy and are committed to [&hellip;]","_links":{"self":[{"href":"https:\/\/gyaru.online\/fr\/wp-json\/wp\/v2\/pages\/3","targetHints":{"allow":["GET"]}}],"collection":[{"href":"https:\/\/gyaru.online\/fr\/wp-json\/wp\/v2\/pages"}],"about":[{"href":"https:\/\/gyaru.online\/fr\/wp-json\/wp\/v2\/types\/page"}],"author":[{"embeddable":true,"href":"https:\/\/gyaru.online\/fr\/wp-json\/wp\/v2\/users\/3"}],"replies":[{"embeddable":true,"href":"https:\/\/gyaru.online\/fr\/wp-json\/wp\/v2\/comments?post=3"}],"version-history":[{"count":1,"href":"https:\/\/gyaru.online\/fr\/wp-json\/wp\/v2\/pages\/3\/revisions"}],"predecessor-version":[{"id":6446,"href":"https:\/\/gyaru.online\/fr\/wp-json\/wp\/v2\/pages\/3\/revisions\/6446"}],"wp:attachment":[{"href":"https:\/\/gyaru.online\/fr\/wp-json\/wp\/v2\/media?parent=3"}],"curies":[{"name":"wp","href":"https:\/\/api.w.org\/{rel}","templated":true}]}}