{"id":6651,"date":"2026-03-15T03:51:39","date_gmt":"2026-03-15T03:51:39","guid":{"rendered":"https:\/\/gyaru.online\/?page_id=6651"},"modified":"2026-03-15T03:52:18","modified_gmt":"2026-03-15T03:52:18","slug":"gyarulab-shop","status":"publish","type":"page","link":"https:\/\/gyaru.online\/fr\/gyarulab-shop\/","title":{"rendered":"GyaruLab Shop"},"content":{"rendered":"<!DOCTYPE html>\n<html lang=\"en\">\n<head>\n    <meta charset=\"UTF-8\">\n    <meta name=\"viewport\" content=\"width=device-width, initial-scale=1.0\">\n    <title>GyaruLab | Boutique officielle de Gyaru.online<\/title>\n    <link href=\"https:\/\/fonts.googleapis.com\/css2?family=Montserrat:wght@700;900&#038;family=Pacifico&#038;family=Poppins:wght@300;400;600&#038;display=swap\" rel=\"stylesheet\">\n    <style>\n        :root {\n            --hot-pink: #ff69b4;\n            --soft-pink: #ffb6c1;\n            --baby-pink: #fff0f5;\n            --pure-white: #ffffff;\n        }\n\n        body {\n            margin: 0;\n            padding: 0;\n            font-family: 'Poppins', sans-serif;\n            background-color: var(--baby-pink);\n            color: #333;\n            overflow-x: hidden;\n        }\n\n        \/* \u4f18\u5316\u540e\u7684\u7b2c\u4e00\u5c4f\uff1a\u9ad8\u5ea6\u4ece 80vh \u7f29\u77ed\u81f3 50vh *\/\n        .hero {\n            position: relative;\n            height: 50vh; \n            background: linear-gradient(135deg, var(--hot-pink) 0%, var(--soft-pink) 100%);\n            display: flex;\n            align-items: center;\n            justify-content: center;\n            text-align: center;\n            color: var(--pure-white);\n            clip-path: polygon(0 0, 100% 0, 100% 85%, 0% 100%);\n        }\n\n        .hero-content h1 {\n            font-family: 'Pacifico', cursive;\n            font-size: 4rem;\n            margin: 0;\n            text-shadow: 3px 3px 0px rgba(0,0,0,0.1);\n        }\n\n        .hero-content p {\n            font-family: 'Montserrat', sans-serif;\n            font-weight: 900;\n            font-size: 1.2rem;\n            text-transform: uppercase;\n            letter-spacing: 2px;\n            margin-top: 5px;\n        }\n\n        \/* About Section *\/\n        .about-section {\n            padding: 60px 20px;\n            max-width: 900px;\n            margin: 0 auto;\n            text-align: center;\n        }\n\n        .badge {\n            background: var(--hot-pink);\n            color: white;\n            padding: 6px 18px;\n            border-radius: 50px;\n            font-weight: 600;\n            display: inline-block;\n            margin-bottom: 20px;\n            font-size: 0.9rem;\n        }\n\n        .about-title {\n            font-family: 'Montserrat', sans-serif;\n            font-size: 2.2rem;\n            color: var(--hot-pink);\n            margin-bottom: 25px;\n        }\n\n        .about-text {\n            font-size: 1.15rem;\n            line-height: 1.8;\n            color: #444;\n        }\n\n        \/* Dofollow Link Style *\/\n        .official-link {\n            color: var(--hot-pink);\n            text-decoration: none;\n            font-weight: 700;\n            border-bottom: 2px solid var(--hot-pink);\n            transition: all 0.3s ease;\n        }\n\n        .official-link:hover {\n            background-color: var(--hot-pink);\n            color: white;\n        }\n\n        \/* Grid Section *\/\n        .features {\n            display: grid;\n            grid-template-columns: repeat(auto-fit, minmax(280px, 1fr));\n            gap: 25px;\n            padding: 40px 10%;\n            background: var(--pure-white);\n        }\n\n        .card {\n            background: var(--baby-pink);\n            padding: 30px;\n            border-radius: 15px;\n            border: 2px dashed var(--soft-pink);\n            text-align: center;\n        }\n\n        .card h3 {\n            color: var(--hot-pink);\n            font-family: 'Montserrat', sans-serif;\n            margin-bottom: 15px;\n        }\n\n        \/* CTA Section *\/\n        .cta-container {\n            text-align: center;\n            padding: 60px 0;\n        }\n\n        .btn-transform {\n            background: var(--hot-pink);\n            color: white;\n            padding: 18px 45px;\n            font-size: 1.3rem;\n            font-family: 'Montserrat', sans-serif;\n            font-weight: 900;\n            text-decoration: none;\n            border-radius: 50px;\n            box-shadow: 0 8px 0px #c71585;\n            display: inline-block;\n            transition: all 0.2s;\n        }\n\n        .btn-transform:hover {\n            transform: translateY(3px);\n            box-shadow: 0 5px 0px #c71585;\n        }\n\n        footer {\n            background: #222;\n            color: #ccc;\n            text-align: center;\n            padding: 30px;\n            font-size: 0.85rem;\n        }\n    <\/style>\n<\/head>\n<body>\n\n    <section class=\"hero\">\n        <div class=\"hero-content\">\n            <h1>GyaruLab<\/h1>\n            <p>Votre transformation commence ici<\/p>\n        <\/div>\n    <\/section>\n\n    <section class=\"about-section\">\n        <span class=\"badge\">Incub\u00e9 par Gyaru.online<\/span>\n        <h2 class=\"about-title\">L'avenir du style Gal<\/h2>\n        <p class=\"about-text\">\n            Bienvenue dans le laboratoire de l'\u00e9volution. <span class=\"highlight\">GyaruLab<\/span> est l'aile officielle du commerce \u00e9lectronique de la <b>Gyaru.online<\/b> communaut\u00e9. Nous sommes plus qu'un simple magasin, nous sommes le pouls mondial de la culture Gyaru. \n            <br><br>\n            D\u00e9couvrez nos collections sur notre site officiel : \n            <a href=\"https:\/\/gyarulab.com\" class=\"official-link\" rel=\"dofollow\">Gyarulab.com<\/a>. .\n            Des accessoires vintage difficiles \u00e0 trouver aux derni\u00e8res tendances Reiwa, nous fournissons tous les outils dont vous avez besoin pour compl\u00e9ter votre m\u00e9tamorphose Gyaru.\n        <\/p>\n    <\/section>\n\n    <section class=\"features\">\n        <div class=\"card\">\n            <h3>Garde-robe de collection<\/h3>\n            <p>Acc\u00e9dez \u00e0 des pi\u00e8ces exclusives qui d\u00e9finissent l'esth\u00e9tique Gal, des classiques de Shibuya-109 aux essentiels modernes de Neo-Gyaru.<\/p>\n        <\/div>\n        <div class=\"card\">\n            <h3>Ma\u00eetrise de la beaut\u00e9<\/h3>\n            <p>Transformez-vous gr\u00e2ce \u00e0 nos kits de maquillage de qualit\u00e9 professionnelle, \u00e0 nos extensions pr\u00eates \u00e0 l'emploi et \u00e0 nos ongles de d\u00e9coration en 3D.<\/p>\n        <\/div>\n        <div class=\"card\">\n            <h3>Un cr\u00e9ateur de tendances au niveau mondial<\/h3>\n            <p>En tant que premi\u00e8re plateforme pour le style Gal, GyaruLab donne le ton \u00e0 l'industrie, m\u00ealant la nostalgie de l'an 2000 \u00e0 l'innovation de l'an 2026.<\/p>\n        <\/div>\n    <\/section>\n\n    <div class=\"cta-container\">\n        <a href=\"https:\/\/gyarulab.com\" class=\"btn-transform\" rel=\"dofollow\">VISITEZ GYARULAB.COM \u2665<\/a>\n        <p style=\"margin-top: 15px; color: #999; font-size: 0.9rem;\">Rejoignez la r\u00e9volution. Soyez la tendance.<\/p>\n    <\/div>\n\n    <footer>\n        <p>2026 Gyaru.online | GyaruLab - L'ic\u00f4ne mondiale de la culture Gyaru<\/p>\n    <\/footer>\n\n<\/body>\n<\/html>","protected":false},"excerpt":{"rendered":"<p>GyaruLab | Official Shop of Gyaru.online GyaruLab Your Transformation Starts Here Incubated by Gyaru.online The Future of Gal Style Welcome [&hellip;]<\/p>\n","protected":false},"author":3,"featured_media":6615,"parent":0,"menu_order":0,"comment_status":"closed","ping_status":"closed","template":"","meta":{"_uag_custom_page_level_css":"","site-sidebar-layout":"default","site-content-layout":"","ast-site-content-layout":"default","site-content-style":"default","site-sidebar-style":"default","ast-global-header-display":"","ast-banner-title-visibility":"","ast-main-header-display":"","ast-hfb-above-header-display":"","ast-hfb-below-header-display":"","ast-hfb-mobile-header-display":"","site-post-title":"disabled","ast-breadcrumbs-content":"","ast-featured-img":"","footer-sml-layout":"","ast-disable-related-posts":"","theme-transparent-header-meta":"","adv-header-id-meta":"","stick-header-meta":"","header-above-stick-meta":"","header-main-stick-meta":"","header-below-stick-meta":"","astra-migrate-meta-layouts":"set","ast-page-background-enabled":"default","ast-page-background-meta":{"desktop":{"background-color":"","background-image":"","background-repeat":"repeat","background-position":"center center","background-size":"auto","background-attachment":"scroll","background-type":"","background-media":"","overlay-type":"","overlay-color":"","overlay-opacity":"","overlay-gradient":""},"tablet":{"background-color":"","background-image":"","background-repeat":"repeat","background-position":"center center","background-size":"auto","background-attachment":"scroll","background-type":"","background-media":"","overlay-type":"","overlay-color":"","overlay-opacity":"","overlay-gradient":""},"mobile":{"background-color":"","background-image":"","background-repeat":"repeat","background-position":"center center","background-size":"auto","background-attachment":"scroll","background-type":"","background-media":"","overlay-type":"","overlay-color":"","overlay-opacity":"","overlay-gradient":""}},"ast-content-background-meta":{"desktop":{"background-color":"var(--ast-global-color-5)","background-image":"","background-repeat":"repeat","background-position":"center center","background-size":"auto","background-attachment":"scroll","background-type":"","background-media":"","overlay-type":"","overlay-color":"","overlay-opacity":"","overlay-gradient":""},"tablet":{"background-color":"var(--ast-global-color-5)","background-image":"","background-repeat":"repeat","background-position":"center center","background-size":"auto","background-attachment":"scroll","background-type":"","background-media":"","overlay-type":"","overlay-color":"","overlay-opacity":"","overlay-gradient":""},"mobile":{"background-color":"var(--ast-global-color-5)","background-image":"","background-repeat":"repeat","background-position":"center center","background-size":"auto","background-attachment":"scroll","background-type":"","background-media":"","overlay-type":"","overlay-color":"","overlay-opacity":"","overlay-gradient":""}},"footnotes":""},"class_list":["post-6651","page","type-page","status-publish","has-post-thumbnail","hentry"],"yoast_head":"<!-- This site is optimized with the Yoast SEO plugin v27.1.1 - https:\/\/yoast.com\/product\/yoast-seo-wordpress\/ -->\n<title>GyaruLab: Shop Authentic Gyaru Fashion &amp; Makeup | Gyaru.online Official<\/title>\n<meta name=\"description\" content=\"Incubated by Gyaru.online, GyaruLab is the world\u2019s premier shop for Gal style. From Y2K Sujimori hair to Reiwa Neo-Gyaru essentials, get everything you need for your ultimate transformation. Visit Gyarulab.com today!\" \/>\n<meta name=\"robots\" content=\"index, follow, max-snippet:-1, max-image-preview:large, max-video-preview:-1\" \/>\n<link rel=\"canonical\" href=\"https:\/\/gyaru.online\/fr\/gyarulab-shop\/\" \/>\n<meta property=\"og:locale\" content=\"fr_FR\" \/>\n<meta property=\"og:type\" content=\"article\" \/>\n<meta property=\"og:title\" content=\"GyaruLab: Shop Authentic Gyaru Fashion &amp; Makeup | Gyaru.online Official\" \/>\n<meta property=\"og:description\" content=\"Incubated by Gyaru.online, GyaruLab is the world\u2019s premier shop for Gal style. From Y2K Sujimori hair to Reiwa Neo-Gyaru essentials, get everything you need for your ultimate transformation. Visit Gyarulab.com today!\" \/>\n<meta property=\"og:url\" content=\"https:\/\/gyaru.online\/fr\/gyarulab-shop\/\" \/>\n<meta property=\"og:site_name\" content=\"Gyaru Online\" \/>\n<meta property=\"article:modified_time\" content=\"2026-03-15T03:52:18+00:00\" \/>\n<meta property=\"og:image\" content=\"https:\/\/gyaru.online\/wp-content\/uploads\/2026\/03\/Image-Mar-14-2026-11_28_05-AM.webp\" \/>\n\t<meta property=\"og:image:width\" content=\"1536\" \/>\n\t<meta property=\"og:image:height\" content=\"1024\" \/>\n\t<meta property=\"og:image:type\" content=\"image\/webp\" \/>\n<meta name=\"twitter:card\" content=\"summary_large_image\" \/>\n<meta name=\"twitter:label1\" content=\"Dur\u00e9e de lecture estim\u00e9e\" \/>\n\t<meta name=\"twitter:data1\" content=\"1 minute\" \/>\n<script type=\"application\/ld+json\" class=\"yoast-schema-graph\">{\"@context\":\"https:\/\/schema.org\",\"@graph\":[{\"@type\":\"WebPage\",\"@id\":\"https:\/\/gyaru.online\/gyarulab-shop\/\",\"url\":\"https:\/\/gyaru.online\/gyarulab-shop\/\",\"name\":\"GyaruLab: Shop Authentic Gyaru Fashion & Makeup | Gyaru.online Official\",\"isPartOf\":{\"@id\":\"https:\/\/gyaru.online\/#website\"},\"primaryImageOfPage\":{\"@id\":\"https:\/\/gyaru.online\/gyarulab-shop\/#primaryimage\"},\"image\":{\"@id\":\"https:\/\/gyaru.online\/gyarulab-shop\/#primaryimage\"},\"thumbnailUrl\":\"https:\/\/gyaru.online\/wp-content\/uploads\/2026\/03\/Image-Mar-14-2026-11_28_05-AM.webp\",\"datePublished\":\"2026-03-15T03:51:39+00:00\",\"dateModified\":\"2026-03-15T03:52:18+00:00\",\"description\":\"Incubated by Gyaru.online, GyaruLab is the world\u2019s premier shop for Gal style. From Y2K Sujimori hair to Reiwa Neo-Gyaru essentials, get everything you need for your ultimate transformation. Visit Gyarulab.com today!\",\"breadcrumb\":{\"@id\":\"https:\/\/gyaru.online\/gyarulab-shop\/#breadcrumb\"},\"inLanguage\":\"fr-FR\",\"potentialAction\":[{\"@type\":\"ReadAction\",\"target\":[\"https:\/\/gyaru.online\/gyarulab-shop\/\"]}]},{\"@type\":\"ImageObject\",\"inLanguage\":\"fr-FR\",\"@id\":\"https:\/\/gyaru.online\/gyarulab-shop\/#primaryimage\",\"url\":\"https:\/\/gyaru.online\/wp-content\/uploads\/2026\/03\/Image-Mar-14-2026-11_28_05-AM.webp\",\"contentUrl\":\"https:\/\/gyaru.online\/wp-content\/uploads\/2026\/03\/Image-Mar-14-2026-11_28_05-AM.webp\",\"width\":1536,\"height\":1024,\"caption\":\"Side-by-side comparison of four different gyaru substyles in early 2000s Shibuya: kogyaru, ganguro, hime gyaru and yamanba, realistic documentary street photo\"},{\"@type\":\"BreadcrumbList\",\"@id\":\"https:\/\/gyaru.online\/gyarulab-shop\/#breadcrumb\",\"itemListElement\":[{\"@type\":\"ListItem\",\"position\":1,\"name\":\"Home\",\"item\":\"https:\/\/gyaru.online\/\"},{\"@type\":\"ListItem\",\"position\":2,\"name\":\"GyaruLab Shop\"}]},{\"@type\":\"WebSite\",\"@id\":\"https:\/\/gyaru.online\/#website\",\"url\":\"https:\/\/gyaru.online\/\",\"name\":\"Gyaru Online\",\"description\":\"Gyaru Culture World.\",\"publisher\":{\"@id\":\"https:\/\/gyaru.online\/#organization\"},\"potentialAction\":[{\"@type\":\"SearchAction\",\"target\":{\"@type\":\"EntryPoint\",\"urlTemplate\":\"https:\/\/gyaru.online\/?s={search_term_string}\"},\"query-input\":{\"@type\":\"PropertyValueSpecification\",\"valueRequired\":true,\"valueName\":\"search_term_string\"}}],\"inLanguage\":\"fr-FR\"},{\"@type\":\"Organization\",\"@id\":\"https:\/\/gyaru.online\/#organization\",\"name\":\"Gyaru Online\",\"url\":\"https:\/\/gyaru.online\/\",\"logo\":{\"@type\":\"ImageObject\",\"inLanguage\":\"fr-FR\",\"@id\":\"https:\/\/gyaru.online\/#\/schema\/logo\/image\/\",\"url\":\"https:\/\/gyaru.online\/wp-content\/uploads\/2026\/03\/ChatGPT-Image-Mar-2-2026-08_32_45-PM-1.png\",\"contentUrl\":\"https:\/\/gyaru.online\/wp-content\/uploads\/2026\/03\/ChatGPT-Image-Mar-2-2026-08_32_45-PM-1.png\",\"width\":1024,\"height\":1024,\"caption\":\"Gyaru Online\"},\"image\":{\"@id\":\"https:\/\/gyaru.online\/#\/schema\/logo\/image\/\"}}]}<\/script>\n<!-- \/ Yoast SEO plugin. -->","yoast_head_json":{"title":"GyaruLab : Acheter la mode et le maquillage Gyaru authentiques | Gyaru.online Official","description":"Cr\u00e9\u00e9 par Gyaru.online, GyaruLab est le premier magasin au monde pour le style Gal. Des cheveux Sujimori de l'an 2000 aux essentiels Reiwa Neo-Gyaru, obtenez tout ce dont vous avez besoin pour votre transformation ultime. Visitez Gyarulab.com d\u00e8s aujourd'hui !","robots":{"index":"index","follow":"follow","max-snippet":"max-snippet:-1","max-image-preview":"max-image-preview:large","max-video-preview":"max-video-preview:-1"},"canonical":"https:\/\/gyaru.online\/fr\/gyarulab-shop\/","og_locale":"fr_FR","og_type":"article","og_title":"GyaruLab: Shop Authentic Gyaru Fashion & Makeup | Gyaru.online Official","og_description":"Incubated by Gyaru.online, GyaruLab is the world\u2019s premier shop for Gal style. From Y2K Sujimori hair to Reiwa Neo-Gyaru essentials, get everything you need for your ultimate transformation. Visit Gyarulab.com today!","og_url":"https:\/\/gyaru.online\/fr\/gyarulab-shop\/","og_site_name":"Gyaru Online","article_modified_time":"2026-03-15T03:52:18+00:00","og_image":[{"width":1536,"height":1024,"url":"https:\/\/gyaru.online\/wp-content\/uploads\/2026\/03\/Image-Mar-14-2026-11_28_05-AM.webp","type":"image\/webp"}],"twitter_card":"summary_large_image","twitter_misc":{"Dur\u00e9e de lecture estim\u00e9e":"1 minute"},"schema":{"@context":"https:\/\/schema.org","@graph":[{"@type":"WebPage","@id":"https:\/\/gyaru.online\/gyarulab-shop\/","url":"https:\/\/gyaru.online\/gyarulab-shop\/","name":"GyaruLab : Acheter la mode et le maquillage Gyaru authentiques | Gyaru.online Official","isPartOf":{"@id":"https:\/\/gyaru.online\/#website"},"primaryImageOfPage":{"@id":"https:\/\/gyaru.online\/gyarulab-shop\/#primaryimage"},"image":{"@id":"https:\/\/gyaru.online\/gyarulab-shop\/#primaryimage"},"thumbnailUrl":"https:\/\/gyaru.online\/wp-content\/uploads\/2026\/03\/Image-Mar-14-2026-11_28_05-AM.webp","datePublished":"2026-03-15T03:51:39+00:00","dateModified":"2026-03-15T03:52:18+00:00","description":"Cr\u00e9\u00e9 par Gyaru.online, GyaruLab est le premier magasin au monde pour le style Gal. Des cheveux Sujimori de l'an 2000 aux essentiels Reiwa Neo-Gyaru, obtenez tout ce dont vous avez besoin pour votre transformation ultime. Visitez Gyarulab.com d\u00e8s aujourd'hui !","breadcrumb":{"@id":"https:\/\/gyaru.online\/gyarulab-shop\/#breadcrumb"},"inLanguage":"fr-FR","potentialAction":[{"@type":"ReadAction","target":["https:\/\/gyaru.online\/gyarulab-shop\/"]}]},{"@type":"ImageObject","inLanguage":"fr-FR","@id":"https:\/\/gyaru.online\/gyarulab-shop\/#primaryimage","url":"https:\/\/gyaru.online\/wp-content\/uploads\/2026\/03\/Image-Mar-14-2026-11_28_05-AM.webp","contentUrl":"https:\/\/gyaru.online\/wp-content\/uploads\/2026\/03\/Image-Mar-14-2026-11_28_05-AM.webp","width":1536,"height":1024,"caption":"Side-by-side comparison of four different gyaru substyles in early 2000s Shibuya: kogyaru, ganguro, hime gyaru and yamanba, realistic documentary street photo"},{"@type":"BreadcrumbList","@id":"https:\/\/gyaru.online\/gyarulab-shop\/#breadcrumb","itemListElement":[{"@type":"ListItem","position":1,"name":"Home","item":"https:\/\/gyaru.online\/"},{"@type":"ListItem","position":2,"name":"GyaruLab Shop"}]},{"@type":"WebSite","@id":"https:\/\/gyaru.online\/#website","url":"https:\/\/gyaru.online\/","name":"Gyaru Online","description":"Le monde de la culture Gyaru.","publisher":{"@id":"https:\/\/gyaru.online\/#organization"},"potentialAction":[{"@type":"SearchAction","target":{"@type":"EntryPoint","urlTemplate":"https:\/\/gyaru.online\/?s={search_term_string}"},"query-input":{"@type":"PropertyValueSpecification","valueRequired":true,"valueName":"search_term_string"}}],"inLanguage":"fr-FR"},{"@type":"Organization","@id":"https:\/\/gyaru.online\/#organization","name":"Gyaru Online","url":"https:\/\/gyaru.online\/","logo":{"@type":"ImageObject","inLanguage":"fr-FR","@id":"https:\/\/gyaru.online\/#\/schema\/logo\/image\/","url":"https:\/\/gyaru.online\/wp-content\/uploads\/2026\/03\/ChatGPT-Image-Mar-2-2026-08_32_45-PM-1.png","contentUrl":"https:\/\/gyaru.online\/wp-content\/uploads\/2026\/03\/ChatGPT-Image-Mar-2-2026-08_32_45-PM-1.png","width":1024,"height":1024,"caption":"Gyaru Online"},"image":{"@id":"https:\/\/gyaru.online\/#\/schema\/logo\/image\/"}}]}},"uagb_featured_image_src":{"full":["https:\/\/gyaru.online\/wp-content\/uploads\/2026\/03\/Image-Mar-14-2026-11_28_05-AM.webp",1536,1024,false],"thumbnail":["https:\/\/gyaru.online\/wp-content\/uploads\/2026\/03\/Image-Mar-14-2026-11_28_05-AM-150x150.webp",150,150,true],"medium":["https:\/\/gyaru.online\/wp-content\/uploads\/2026\/03\/Image-Mar-14-2026-11_28_05-AM-300x200.webp",300,200,true],"medium_large":["https:\/\/gyaru.online\/wp-content\/uploads\/2026\/03\/Image-Mar-14-2026-11_28_05-AM-768x512.webp",768,512,true],"large":["https:\/\/gyaru.online\/wp-content\/uploads\/2026\/03\/Image-Mar-14-2026-11_28_05-AM-1024x683.webp",1024,683,true],"1536x1536":["https:\/\/gyaru.online\/wp-content\/uploads\/2026\/03\/Image-Mar-14-2026-11_28_05-AM.webp",1536,1024,false],"2048x2048":["https:\/\/gyaru.online\/wp-content\/uploads\/2026\/03\/Image-Mar-14-2026-11_28_05-AM.webp",1536,1024,false],"trp-custom-language-flag":["https:\/\/gyaru.online\/wp-content\/uploads\/2026\/03\/Image-Mar-14-2026-11_28_05-AM-18x12.webp",18,12,true]},"uagb_author_info":{"display_name":"Gyaru Online","author_link":"https:\/\/gyaru.online\/fr\/blog\/author\/dayairis\/"},"uagb_comment_info":0,"uagb_excerpt":"GyaruLab | Official Shop of Gyaru.online GyaruLab Your Transformation Starts Here Incubated by Gyaru.online The Future of Gal Style Welcome [&hellip;]","_links":{"self":[{"href":"https:\/\/gyaru.online\/fr\/wp-json\/wp\/v2\/pages\/6651","targetHints":{"allow":["GET"]}}],"collection":[{"href":"https:\/\/gyaru.online\/fr\/wp-json\/wp\/v2\/pages"}],"about":[{"href":"https:\/\/gyaru.online\/fr\/wp-json\/wp\/v2\/types\/page"}],"author":[{"embeddable":true,"href":"https:\/\/gyaru.online\/fr\/wp-json\/wp\/v2\/users\/3"}],"replies":[{"embeddable":true,"href":"https:\/\/gyaru.online\/fr\/wp-json\/wp\/v2\/comments?post=6651"}],"version-history":[{"count":1,"href":"https:\/\/gyaru.online\/fr\/wp-json\/wp\/v2\/pages\/6651\/revisions"}],"predecessor-version":[{"id":6654,"href":"https:\/\/gyaru.online\/fr\/wp-json\/wp\/v2\/pages\/6651\/revisions\/6654"}],"wp:featuredmedia":[{"embeddable":true,"href":"https:\/\/gyaru.online\/fr\/wp-json\/wp\/v2\/media\/6615"}],"wp:attachment":[{"href":"https:\/\/gyaru.online\/fr\/wp-json\/wp\/v2\/media?parent=6651"}],"curies":[{"name":"wp","href":"https:\/\/api.w.org\/{rel}","templated":true}]}}