{"id":3,"date":"2023-03-03T03:32:47","date_gmt":"2023-03-03T03:32:47","guid":{"rendered":"https:\/\/gyaru.online\/?page_id=3"},"modified":"2026-03-15T03:59:52","modified_gmt":"2026-03-15T03:59:52","slug":"privacy-policy","status":"publish","type":"page","link":"https:\/\/gyaru.online\/pt\/privacy-policy\/","title":{"rendered":"Pol\u00edtica de privacidade"},"content":{"rendered":"<section class=\"privacy-container\" style=\"padding: 80px 20px; background-color: #fff; color: #333; font-family: 'Helvetica Neue', Helvetica, Arial, sans-serif; line-height: 1.8; max-width: 900px; margin: 0 auto;\">\n    \n    <header style=\"text-align: center; margin-bottom: 50px; border-bottom: 1px solid #f0f0f0; padding-bottom: 40px;\">\n        <h1 style=\"font-size: 2.5rem; color: #111; font-weight: 800; text-transform: uppercase; letter-spacing: -1px; margin-bottom: 10px;\">Pol\u00edtica de privacidade<\/h1>\n        <p style=\"color: #ff69b4; font-weight: 700; letter-spacing: 1px; font-size: 0.9rem;\">Data de vig\u00eancia: 5 de mar\u00e7o de 2026<\/p>\n    <\/header>\n\n    <div class=\"policy-body\" style=\"font-size: 1rem; color: #444;\">\n        \n        <h2 style=\"font-size: 1.25rem; color: #111; border-left: 4px solid #ff69b4; padding-left: 15px; margin: 40px 0 20px;\">1. Introdu\u00e7\u00e3o<\/h2>\n        <p>Bem-vindo ao <strong>Gyaru.Online<\/strong>. Respeitamos sua privacidade e temos o compromisso de proteger seus dados pessoais. Esta pol\u00edtica de privacidade informa como cuidamos de seus dados pessoais quando voc\u00ea visita nosso site, incluindo dados fornecidos por meio de nosso <strong>Vibe Check<\/strong> question\u00e1rio.<\/p>\n\n        <h2 style=\"font-size: 1.25rem; color: #111; border-left: 4px solid #ff69b4; padding-left: 15px; margin: 40px 0 20px;\">2. Google AdSense e cookies (requisito)<\/h2>\n        <p><strong>Gyaru.Online<\/strong> utiliza fornecedores terceirizados, inclusive o Google, que usam cookies para veicular an\u00fancios com base nas visitas anteriores de um usu\u00e1rio ao nosso site ou a outros sites.<\/p>\n        <ul style=\"margin-bottom: 20px;\">\n            <li>O uso de cookies de publicidade pelo Google permite que ele e seus parceiros veiculem an\u00fancios para nossos usu\u00e1rios com base em suas visitas a <strong>Gyaru.Online<\/strong> e\/ou outros sites na Internet.<\/li>\n            <li>Os usu\u00e1rios podem optar por n\u00e3o receber publicidade personalizada visitando <a href=\"https:\/\/www.google.com\/settings\/ads\" target=\"_blank\" style=\"color: #ff69b4;\">Configura\u00e7\u00f5es de an\u00fancios<\/a>.<\/li>\n        <\/ul>\n\n        <h2 style=\"font-size: 1.25rem; color: #111; border-left: 4px solid #ff69b4; padding-left: 15px; margin: 40px 0 20px;\">3. Coleta de dados: A experi\u00eancia da Gal<\/h2>\n        <p>Coletamos e processamos os seguintes dados:<\/p>\n        <ul>\n            <li><strong>Dados de identidade:<\/strong> Nomes ou pseud\u00f4nimos fornecidos durante a intera\u00e7\u00e3o com a comunidade.<\/li>\n            <li><strong>Dados t\u00e9cnicos:<\/strong> Endere\u00e7os IP, tipo de navegador e vers\u00e3o para otimiza\u00e7\u00e3o do site.<\/li>\n            <li><strong>Dados de prefer\u00eancia:<\/strong> Resultados da <strong>Vibe Check<\/strong> para organizar sua jornada em nossa <strong>Arquivos de cultura<\/strong>.<\/li>\n        <\/ul>\n\n        <h2 style=\"font-size: 1.25rem; color: #111; border-left: 4px solid #ff69b4; padding-left: 15px; margin: 40px 0 20px;\">4. Arquivos de registro<\/h2>\n        <p>Como muitos outros sites, <strong>Gyaru.Online<\/strong> faz uso de arquivos de registro. Esses arquivos simplesmente registram os visitantes do site - geralmente um procedimento padr\u00e3o para empresas de hospedagem e uma parte da an\u00e1lise dos servi\u00e7os de hospedagem. As informa\u00e7\u00f5es contidas nos arquivos de registro incluem endere\u00e7os de protocolo de Internet (IP), tipo de navegador, provedor de servi\u00e7os de Internet (ISP), carimbo de data\/hora, p\u00e1ginas de refer\u00eancia\/sa\u00edda e, possivelmente, o n\u00famero de cliques.<\/p>\n\n        <h2 style=\"font-size: 1.25rem; color: #111; border-left: 4px solid #ff69b4; padding-left: 15px; margin: 40px 0 20px;\">5. Pol\u00edticas de privacidade de terceiros<\/h2>\n        <p><strong>Gyaru.Online's<\/strong> Privacy Policy n\u00e3o se aplica a outros anunciantes ou sites. Portanto, recomendamos que voc\u00ea consulte as respectivas Pol\u00edticas de Privacidade desses servidores de an\u00fancios de terceiros para obter informa\u00e7\u00f5es mais detalhadas.<\/p>\n\n        <h2 style=\"font-size: 1.25rem; color: #111; border-left: 4px solid #ff69b4; padding-left: 15px; margin: 40px 0 20px;\">6. Informa\u00e7\u00f5es sobre crian\u00e7as<\/h2>\n        <p>Outra parte de nossa prioridade \u00e9 adicionar prote\u00e7\u00e3o \u00e0s crian\u00e7as durante o uso da Internet. Incentivamos os pais e respons\u00e1veis a observar, participar e\/ou monitorar e orientar suas atividades on-line. <strong>Gyaru.Online<\/strong> n\u00e3o coleta intencionalmente nenhuma informa\u00e7\u00e3o pessoal identific\u00e1vel de crian\u00e7as com menos de 13 anos de idade.<\/p>\n\n        <h2 style=\"font-size: 1.25rem; color: #111; border-left: 4px solid #ff69b4; padding-left: 15px; margin: 40px 0 20px;\">7. Informa\u00e7\u00f5es de contato<\/h2>\n        <p>Em caso de d\u00favidas sobre esta Pol\u00edtica de Privacidade ou sobre seus dados, entre em contato com nossa equipe de suporte pelo e-mail:<\/p>\n        <div style=\"background: #fffafc; padding: 25px; border: 1px solid #f0f0f0; margin-top: 20px; text-align: center;\">\n            <p style=\"margin: 0; font-weight: 700; color: #111;\">E-mail oficial de suporte:<\/p>\n            <a href=\"mailto:support@gyaru.online\" style=\"color: #ff69b4; text-decoration: none; font-size: 1.2rem; font-weight: 800;\">support@gyaru.online<\/a>\n        <\/div>\n    <\/div>\n<\/section>\n\n<style>\n    .policy-body ul { padding-left: 20px; margin-bottom: 25px; }\n    .policy-body li { margin-bottom: 10px; }\n    @media (max-width: 600px) {\n        .privacy-container { padding: 40px 15px !important; }\n        h1 { font-size: 1.8rem !important; }\n    }\n<\/style>","protected":false},"excerpt":{"rendered":"<p>Privacy Policy Effective Date: March 5, 2026 1. Introduction Welcome to Gyaru.Online. We respect your privacy and are committed to [&hellip;]<\/p>\n","protected":false},"author":3,"featured_media":0,"parent":0,"menu_order":0,"comment_status":"closed","ping_status":"open","template":"","meta":{"_uag_custom_page_level_css":"","site-sidebar-layout":"default","site-content-layout":"","ast-site-content-layout":"default","site-content-style":"default","site-sidebar-style":"default","ast-global-header-display":"","ast-banner-title-visibility":"","ast-main-header-display":"","ast-hfb-above-header-display":"","ast-hfb-below-header-display":"","ast-hfb-mobile-header-display":"","site-post-title":"disabled","ast-breadcrumbs-content":"","ast-featured-img":"","footer-sml-layout":"","ast-disable-related-posts":"","theme-transparent-header-meta":"","adv-header-id-meta":"","stick-header-meta":"","header-above-stick-meta":"","header-main-stick-meta":"","header-below-stick-meta":"","astra-migrate-meta-layouts":"set","ast-page-background-enabled":"default","ast-page-background-meta":{"desktop":{"background-color":"","background-image":"","background-repeat":"repeat","background-position":"center center","background-size":"auto","background-attachment":"scroll","background-type":"","background-media":"","overlay-type":"","overlay-color":"","overlay-opacity":"","overlay-gradient":""},"tablet":{"background-color":"","background-image":"","background-repeat":"repeat","background-position":"center center","background-size":"auto","background-attachment":"scroll","background-type":"","background-media":"","overlay-type":"","overlay-color":"","overlay-opacity":"","overlay-gradient":""},"mobile":{"background-color":"","background-image":"","background-repeat":"repeat","background-position":"center center","background-size":"auto","background-attachment":"scroll","background-type":"","background-media":"","overlay-type":"","overlay-color":"","overlay-opacity":"","overlay-gradient":""}},"ast-content-background-meta":{"desktop":{"background-color":"var(--ast-global-color-5)","background-image":"","background-repeat":"repeat","background-position":"center center","background-size":"auto","background-attachment":"scroll","background-type":"","background-media":"","overlay-type":"","overlay-color":"","overlay-opacity":"","overlay-gradient":""},"tablet":{"background-color":"var(--ast-global-color-5)","background-image":"","background-repeat":"repeat","background-position":"center center","background-size":"auto","background-attachment":"scroll","background-type":"","background-media":"","overlay-type":"","overlay-color":"","overlay-opacity":"","overlay-gradient":""},"mobile":{"background-color":"var(--ast-global-color-5)","background-image":"","background-repeat":"repeat","background-position":"center center","background-size":"auto","background-attachment":"scroll","background-type":"","background-media":"","overlay-type":"","overlay-color":"","overlay-opacity":"","overlay-gradient":""}},"footnotes":""},"class_list":["post-3","page","type-page","status-publish","hentry"],"yoast_head":"<!-- This site is optimized with the Yoast SEO plugin v27.1.1 - https:\/\/yoast.com\/product\/yoast-seo-wordpress\/ -->\n<title>Privacy Policy | Gyaru.Online - Transparency &amp; Data Protection<\/title>\n<meta name=\"description\" content=\"Read the official Privacy Policy for Gyaru.Online. We detail our commitment to data transparency, AdSense compliance, and protecting your digital identity as you explore our subcultural archives.\" \/>\n<meta name=\"robots\" content=\"index, follow, max-snippet:-1, max-image-preview:large, max-video-preview:-1\" \/>\n<link rel=\"canonical\" href=\"https:\/\/gyaru.online\/pt\/privacy-policy\/\" \/>\n<meta property=\"og:locale\" content=\"pt_BR\" \/>\n<meta property=\"og:type\" content=\"article\" \/>\n<meta property=\"og:title\" content=\"Privacy Policy | Gyaru.Online - Transparency &amp; Data Protection\" \/>\n<meta property=\"og:description\" content=\"Read the official Privacy Policy for Gyaru.Online. We detail our commitment to data transparency, AdSense compliance, and protecting your digital identity as you explore our subcultural archives.\" \/>\n<meta property=\"og:url\" content=\"https:\/\/gyaru.online\/pt\/privacy-policy\/\" \/>\n<meta property=\"og:site_name\" content=\"Gyaru Online\" \/>\n<meta property=\"article:modified_time\" content=\"2026-03-15T03:59:52+00:00\" \/>\n<meta name=\"twitter:card\" content=\"summary_large_image\" \/>\n<meta name=\"twitter:label1\" content=\"Est. tempo de leitura\" \/>\n\t<meta name=\"twitter:data1\" content=\"2 minutos\" \/>\n<script type=\"application\/ld+json\" class=\"yoast-schema-graph\">{\"@context\":\"https:\/\/schema.org\",\"@graph\":[{\"@type\":\"WebPage\",\"@id\":\"https:\/\/gyaru.online\/privacy-policy\/\",\"url\":\"https:\/\/gyaru.online\/privacy-policy\/\",\"name\":\"Privacy Policy | Gyaru.Online - Transparency & Data Protection\",\"isPartOf\":{\"@id\":\"https:\/\/gyaru.online\/#website\"},\"datePublished\":\"2023-03-03T03:32:47+00:00\",\"dateModified\":\"2026-03-15T03:59:52+00:00\",\"description\":\"Read the official Privacy Policy for Gyaru.Online. We detail our commitment to data transparency, AdSense compliance, and protecting your digital identity as you explore our subcultural archives.\",\"breadcrumb\":{\"@id\":\"https:\/\/gyaru.online\/privacy-policy\/#breadcrumb\"},\"inLanguage\":\"pt-BR\",\"potentialAction\":[{\"@type\":\"ReadAction\",\"target\":[\"https:\/\/gyaru.online\/privacy-policy\/\"]}]},{\"@type\":\"BreadcrumbList\",\"@id\":\"https:\/\/gyaru.online\/privacy-policy\/#breadcrumb\",\"itemListElement\":[{\"@type\":\"ListItem\",\"position\":1,\"name\":\"Home\",\"item\":\"https:\/\/gyaru.online\/\"},{\"@type\":\"ListItem\",\"position\":2,\"name\":\"Privacy Policy\"}]},{\"@type\":\"WebSite\",\"@id\":\"https:\/\/gyaru.online\/#website\",\"url\":\"https:\/\/gyaru.online\/\",\"name\":\"Gyaru Online\",\"description\":\"Gyaru Culture World.\",\"publisher\":{\"@id\":\"https:\/\/gyaru.online\/#organization\"},\"potentialAction\":[{\"@type\":\"SearchAction\",\"target\":{\"@type\":\"EntryPoint\",\"urlTemplate\":\"https:\/\/gyaru.online\/?s={search_term_string}\"},\"query-input\":{\"@type\":\"PropertyValueSpecification\",\"valueRequired\":true,\"valueName\":\"search_term_string\"}}],\"inLanguage\":\"pt-BR\"},{\"@type\":\"Organization\",\"@id\":\"https:\/\/gyaru.online\/#organization\",\"name\":\"Gyaru Online\",\"url\":\"https:\/\/gyaru.online\/\",\"logo\":{\"@type\":\"ImageObject\",\"inLanguage\":\"pt-BR\",\"@id\":\"https:\/\/gyaru.online\/#\/schema\/logo\/image\/\",\"url\":\"https:\/\/gyaru.online\/wp-content\/uploads\/2026\/03\/ChatGPT-Image-Mar-2-2026-08_32_45-PM-1.png\",\"contentUrl\":\"https:\/\/gyaru.online\/wp-content\/uploads\/2026\/03\/ChatGPT-Image-Mar-2-2026-08_32_45-PM-1.png\",\"width\":1024,\"height\":1024,\"caption\":\"Gyaru Online\"},\"image\":{\"@id\":\"https:\/\/gyaru.online\/#\/schema\/logo\/image\/\"}}]}<\/script>\n<!-- \/ Yoast SEO plugin. -->","yoast_head_json":{"title":"Pol\u00edtica de Privacidade | Gyaru.Online - Transpar\u00eancia e Prote\u00e7\u00e3o de Dados","description":"Leia a Pol\u00edtica de Privacidade oficial do Gyaru.Online. Detalhamos nosso compromisso com a transpar\u00eancia dos dados, a conformidade com o AdSense e a prote\u00e7\u00e3o de sua identidade digital enquanto voc\u00ea explora nossos arquivos subculturais.","robots":{"index":"index","follow":"follow","max-snippet":"max-snippet:-1","max-image-preview":"max-image-preview:large","max-video-preview":"max-video-preview:-1"},"canonical":"https:\/\/gyaru.online\/pt\/privacy-policy\/","og_locale":"pt_BR","og_type":"article","og_title":"Privacy Policy | Gyaru.Online - Transparency & Data Protection","og_description":"Read the official Privacy Policy for Gyaru.Online. We detail our commitment to data transparency, AdSense compliance, and protecting your digital identity as you explore our subcultural archives.","og_url":"https:\/\/gyaru.online\/pt\/privacy-policy\/","og_site_name":"Gyaru Online","article_modified_time":"2026-03-15T03:59:52+00:00","twitter_card":"summary_large_image","twitter_misc":{"Est. tempo de leitura":"2 minutos"},"schema":{"@context":"https:\/\/schema.org","@graph":[{"@type":"WebPage","@id":"https:\/\/gyaru.online\/privacy-policy\/","url":"https:\/\/gyaru.online\/privacy-policy\/","name":"Pol\u00edtica de Privacidade | Gyaru.Online - Transpar\u00eancia e Prote\u00e7\u00e3o de Dados","isPartOf":{"@id":"https:\/\/gyaru.online\/#website"},"datePublished":"2023-03-03T03:32:47+00:00","dateModified":"2026-03-15T03:59:52+00:00","description":"Leia a Pol\u00edtica de Privacidade oficial do Gyaru.Online. Detalhamos nosso compromisso com a transpar\u00eancia dos dados, a conformidade com o AdSense e a prote\u00e7\u00e3o de sua identidade digital enquanto voc\u00ea explora nossos arquivos subculturais.","breadcrumb":{"@id":"https:\/\/gyaru.online\/privacy-policy\/#breadcrumb"},"inLanguage":"pt-BR","potentialAction":[{"@type":"ReadAction","target":["https:\/\/gyaru.online\/privacy-policy\/"]}]},{"@type":"BreadcrumbList","@id":"https:\/\/gyaru.online\/privacy-policy\/#breadcrumb","itemListElement":[{"@type":"ListItem","position":1,"name":"Home","item":"https:\/\/gyaru.online\/"},{"@type":"ListItem","position":2,"name":"Privacy Policy"}]},{"@type":"WebSite","@id":"https:\/\/gyaru.online\/#website","url":"https:\/\/gyaru.online\/","name":"Gyaru Online","description":"Mundo da Cultura Gyaru.","publisher":{"@id":"https:\/\/gyaru.online\/#organization"},"potentialAction":[{"@type":"SearchAction","target":{"@type":"EntryPoint","urlTemplate":"https:\/\/gyaru.online\/?s={search_term_string}"},"query-input":{"@type":"PropertyValueSpecification","valueRequired":true,"valueName":"search_term_string"}}],"inLanguage":"pt-BR"},{"@type":"Organization","@id":"https:\/\/gyaru.online\/#organization","name":"Gyaru Online","url":"https:\/\/gyaru.online\/","logo":{"@type":"ImageObject","inLanguage":"pt-BR","@id":"https:\/\/gyaru.online\/#\/schema\/logo\/image\/","url":"https:\/\/gyaru.online\/wp-content\/uploads\/2026\/03\/ChatGPT-Image-Mar-2-2026-08_32_45-PM-1.png","contentUrl":"https:\/\/gyaru.online\/wp-content\/uploads\/2026\/03\/ChatGPT-Image-Mar-2-2026-08_32_45-PM-1.png","width":1024,"height":1024,"caption":"Gyaru Online"},"image":{"@id":"https:\/\/gyaru.online\/#\/schema\/logo\/image\/"}}]}},"uagb_featured_image_src":{"full":false,"thumbnail":false,"medium":false,"medium_large":false,"large":false,"1536x1536":false,"2048x2048":false,"trp-custom-language-flag":false},"uagb_author_info":{"display_name":"Gyaru Online","author_link":"https:\/\/gyaru.online\/pt\/blog\/author\/dayairis\/"},"uagb_comment_info":0,"uagb_excerpt":"Privacy Policy Effective Date: March 5, 2026 1. Introduction Welcome to Gyaru.Online. We respect your privacy and are committed to [&hellip;]","_links":{"self":[{"href":"https:\/\/gyaru.online\/pt\/wp-json\/wp\/v2\/pages\/3","targetHints":{"allow":["GET"]}}],"collection":[{"href":"https:\/\/gyaru.online\/pt\/wp-json\/wp\/v2\/pages"}],"about":[{"href":"https:\/\/gyaru.online\/pt\/wp-json\/wp\/v2\/types\/page"}],"author":[{"embeddable":true,"href":"https:\/\/gyaru.online\/pt\/wp-json\/wp\/v2\/users\/3"}],"replies":[{"embeddable":true,"href":"https:\/\/gyaru.online\/pt\/wp-json\/wp\/v2\/comments?post=3"}],"version-history":[{"count":1,"href":"https:\/\/gyaru.online\/pt\/wp-json\/wp\/v2\/pages\/3\/revisions"}],"predecessor-version":[{"id":6446,"href":"https:\/\/gyaru.online\/pt\/wp-json\/wp\/v2\/pages\/3\/revisions\/6446"}],"wp:attachment":[{"href":"https:\/\/gyaru.online\/pt\/wp-json\/wp\/v2\/media?parent=3"}],"curies":[{"name":"wp","href":"https:\/\/api.w.org\/{rel}","templated":true}]}}